{"id":420,"date":"2021-11-25T09:38:23","date_gmt":"2021-11-25T09:38:23","guid":{"rendered":"https:\/\/www.lebateaujaune.com\/contact\/"},"modified":"2026-04-21T16:28:31","modified_gmt":"2026-04-21T14:28:31","slug":"contact","status":"publish","type":"page","link":"https:\/\/www.lebateaujaune.com\/en\/contact\/","title":{"rendered":"Contacts"},"content":{"rendered":"","protected":false},"excerpt":{"rendered":"","protected":false},"author":2,"featured_media":8644,"parent":0,"menu_order":0,"comment_status":"closed","ping_status":"closed","template":"full-width","meta":{"saved_in_kubio":true,"site-sidebar-layout":"default","site-content-layout":"","ast-site-content-layout":"default","site-content-style":"default","site-sidebar-style":"default","ast-global-header-display":"","ast-banner-title-visibility":"","ast-main-header-display":"","ast-hfb-above-header-display":"","ast-hfb-below-header-display":"","ast-hfb-mobile-header-display":"","site-post-title":"","ast-breadcrumbs-content":"","ast-featured-img":"","footer-sml-layout":"","ast-disable-related-posts":"","theme-transparent-header-meta":"default","adv-header-id-meta":"","stick-header-meta":"","header-above-stick-meta":"","header-main-stick-meta":"","header-below-stick-meta":"","astra-migrate-meta-layouts":"set","ast-page-background-enabled":"default","ast-page-background-meta":{"desktop":{"background-color":"var(--ast-global-color-5)","background-image":"","background-repeat":"repeat","background-position":"center center","background-size":"auto","background-attachment":"scroll","background-type":"","background-media":"","overlay-type":"","overlay-color":"","overlay-opacity":"","overlay-gradient":""},"tablet":{"background-color":"","background-image":"","background-repeat":"repeat","background-position":"center center","background-size":"auto","background-attachment":"scroll","background-type":"","background-media":"","overlay-type":"","overlay-color":"","overlay-opacity":"","overlay-gradient":""},"mobile":{"background-color":"","background-image":"","background-repeat":"repeat","background-position":"center center","background-size":"auto","background-attachment":"scroll","background-type":"","background-media":"","overlay-type":"","overlay-color":"","overlay-opacity":"","overlay-gradient":""}},"ast-content-background-meta":{"desktop":{"background-color":"var(--ast-global-color-4)","background-image":"","background-repeat":"repeat","background-position":"center center","background-size":"auto","background-attachment":"scroll","background-type":"","background-media":"","overlay-type":"","overlay-color":"","overlay-opacity":"","overlay-gradient":""},"tablet":{"background-color":"var(--ast-global-color-4)","background-image":"","background-repeat":"repeat","background-position":"center center","background-size":"auto","background-attachment":"scroll","background-type":"","background-media":"","overlay-type":"","overlay-color":"","overlay-opacity":"","overlay-gradient":""},"mobile":{"background-color":"var(--ast-global-color-4)","background-image":"","background-repeat":"repeat","background-position":"center center","background-size":"auto","background-attachment":"scroll","background-type":"","background-media":"","overlay-type":"","overlay-color":"","overlay-opacity":"","overlay-gradient":""}},"footnotes":""},"class_list":["post-420","page","type-page","status-publish","has-post-thumbnail","hentry"],"kubio_ai_page_context":{"short_desc":"","purpose":"general"},"yoast_head":"<!-- This site is optimized with the Yoast SEO plugin v27.5 - https:\/\/yoast.com\/product\/yoast-seo-wordpress\/ -->\n<title>Contacts - Le Bateau Jaune<\/title>\n<meta name=\"description\" content=\"Particuliers, associations, une plong\u00e9e, un projet aquatique, prenez le contact de notre club de plong\u00e9e \u00e0 Marseille.\" \/>\n<meta name=\"robots\" content=\"index, follow, max-snippet:-1, max-image-preview:large, max-video-preview:-1\" \/>\n<link rel=\"canonical\" href=\"https:\/\/www.lebateaujaune.com\/en\/contact\/\" \/>\n<meta property=\"og:locale\" content=\"en_GB\" \/>\n<meta property=\"og:type\" content=\"article\" \/>\n<meta property=\"og:title\" content=\"Contacts - Le Bateau Jaune\" \/>\n<meta property=\"og:description\" content=\"Particuliers, associations, une plong\u00e9e, un projet aquatique, prenez le contact de notre club de plong\u00e9e \u00e0 Marseille.\" \/>\n<meta property=\"og:url\" content=\"https:\/\/www.lebateaujaune.com\/en\/contact\/\" \/>\n<meta property=\"og:site_name\" content=\"Le Bateau Jaune\" \/>\n<meta property=\"article:publisher\" content=\"https:\/\/www.facebook.com\/lebateaujaunemarseille\/\" \/>\n<meta property=\"article:modified_time\" content=\"2026-04-21T14:28:31+00:00\" \/>\n<meta property=\"og:image\" content=\"https:\/\/www.lebateaujaune.com\/wp-content\/uploads\/2026\/01\/WhatsApp-Image-2026-01-06-at-12.07.25-1-scaled.jpeg\" \/>\n\t<meta property=\"og:image:width\" content=\"1920\" \/>\n\t<meta property=\"og:image:height\" content=\"2560\" \/>\n\t<meta property=\"og:image:type\" content=\"image\/jpeg\" \/>\n<meta name=\"twitter:card\" content=\"summary_large_image\" \/>\n<script type=\"application\/ld+json\" class=\"yoast-schema-graph\">{\"@context\":\"https:\\\/\\\/schema.org\",\"@graph\":[{\"@type\":\"WebPage\",\"@id\":\"https:\\\/\\\/www.lebateaujaune.com\\\/contact\\\/\",\"url\":\"https:\\\/\\\/www.lebateaujaune.com\\\/contact\\\/\",\"name\":\"Contacts - Le Bateau Jaune\",\"isPartOf\":{\"@id\":\"https:\\\/\\\/www.lebateaujaune.com\\\/#website\"},\"primaryImageOfPage\":{\"@id\":\"https:\\\/\\\/www.lebateaujaune.com\\\/contact\\\/#primaryimage\"},\"image\":{\"@id\":\"https:\\\/\\\/www.lebateaujaune.com\\\/contact\\\/#primaryimage\"},\"thumbnailUrl\":\"https:\\\/\\\/www.lebateaujaune.com\\\/wp-content\\\/uploads\\\/2026\\\/01\\\/WhatsApp-Image-2026-01-06-at-12.07.25-1-scaled.jpeg\",\"datePublished\":\"2021-11-25T09:38:23+00:00\",\"dateModified\":\"2026-04-21T14:28:31+00:00\",\"description\":\"Particuliers, associations, une plong\u00e9e, un projet aquatique, prenez le contact de notre club de plong\u00e9e \u00e0 Marseille.\",\"breadcrumb\":{\"@id\":\"https:\\\/\\\/www.lebateaujaune.com\\\/contact\\\/#breadcrumb\"},\"inLanguage\":\"en-GB\",\"potentialAction\":[{\"@type\":\"ReadAction\",\"target\":[\"https:\\\/\\\/www.lebateaujaune.com\\\/contact\\\/\"]}]},{\"@type\":\"ImageObject\",\"inLanguage\":\"en-GB\",\"@id\":\"https:\\\/\\\/www.lebateaujaune.com\\\/contact\\\/#primaryimage\",\"url\":\"https:\\\/\\\/www.lebateaujaune.com\\\/wp-content\\\/uploads\\\/2026\\\/01\\\/WhatsApp-Image-2026-01-06-at-12.07.25-1-scaled.jpeg\",\"contentUrl\":\"https:\\\/\\\/www.lebateaujaune.com\\\/wp-content\\\/uploads\\\/2026\\\/01\\\/WhatsApp-Image-2026-01-06-at-12.07.25-1-scaled.jpeg\",\"width\":1920,\"height\":2560},{\"@type\":\"BreadcrumbList\",\"@id\":\"https:\\\/\\\/www.lebateaujaune.com\\\/contact\\\/#breadcrumb\",\"itemListElement\":[{\"@type\":\"ListItem\",\"position\":1,\"name\":\"Accueil\",\"item\":\"https:\\\/\\\/www.lebateaujaune.com\\\/\"},{\"@type\":\"ListItem\",\"position\":2,\"name\":\"Contacts\"}]},{\"@type\":\"WebSite\",\"@id\":\"https:\\\/\\\/www.lebateaujaune.com\\\/#website\",\"url\":\"https:\\\/\\\/www.lebateaujaune.com\\\/\",\"name\":\"Le Bateau Jaune\",\"description\":\"Club de plong\u00e9e \u00e0 Marseille\",\"publisher\":{\"@id\":\"https:\\\/\\\/www.lebateaujaune.com\\\/#organization\"},\"potentialAction\":[{\"@type\":\"SearchAction\",\"target\":{\"@type\":\"EntryPoint\",\"urlTemplate\":\"https:\\\/\\\/www.lebateaujaune.com\\\/?s={search_term_string}\"},\"query-input\":{\"@type\":\"PropertyValueSpecification\",\"valueRequired\":true,\"valueName\":\"search_term_string\"}}],\"inLanguage\":\"en-GB\"},{\"@type\":\"Organization\",\"@id\":\"https:\\\/\\\/www.lebateaujaune.com\\\/#organization\",\"name\":\"Le Bateau Jaune\",\"url\":\"https:\\\/\\\/www.lebateaujaune.com\\\/\",\"logo\":{\"@type\":\"ImageObject\",\"inLanguage\":\"en-GB\",\"@id\":\"https:\\\/\\\/www.lebateaujaune.com\\\/#\\\/schema\\\/logo\\\/image\\\/\",\"url\":\"https:\\\/\\\/www.lebateaujaune.com\\\/wp-content\\\/uploads\\\/2025\\\/03\\\/LBJ-Logo-officiel-theme-e1673274356386-1-1.png\",\"contentUrl\":\"https:\\\/\\\/www.lebateaujaune.com\\\/wp-content\\\/uploads\\\/2025\\\/03\\\/LBJ-Logo-officiel-theme-e1673274356386-1-1.png\",\"width\":258,\"height\":79,\"caption\":\"Le Bateau Jaune\"},\"image\":{\"@id\":\"https:\\\/\\\/www.lebateaujaune.com\\\/#\\\/schema\\\/logo\\\/image\\\/\"},\"sameAs\":[\"https:\\\/\\\/www.facebook.com\\\/lebateaujaunemarseille\\\/\",\"https:\\\/\\\/www.instagram.com\\\/lbj_plongee_marseille\\\/\"]}]}<\/script>\n<!-- \/ Yoast SEO plugin. -->","yoast_head_json":{"title":"Contacts - Le Bateau Jaune","description":"Particuliers, associations, une plong\u00e9e, un projet aquatique, prenez le contact de notre club de plong\u00e9e \u00e0 Marseille.","robots":{"index":"index","follow":"follow","max-snippet":"max-snippet:-1","max-image-preview":"max-image-preview:large","max-video-preview":"max-video-preview:-1"},"canonical":"https:\/\/www.lebateaujaune.com\/en\/contact\/","og_locale":"en_GB","og_type":"article","og_title":"Contacts - Le Bateau Jaune","og_description":"Particuliers, associations, une plong\u00e9e, un projet aquatique, prenez le contact de notre club de plong\u00e9e \u00e0 Marseille.","og_url":"https:\/\/www.lebateaujaune.com\/en\/contact\/","og_site_name":"Le Bateau Jaune","article_publisher":"https:\/\/www.facebook.com\/lebateaujaunemarseille\/","article_modified_time":"2026-04-21T14:28:31+00:00","og_image":[{"width":1920,"height":2560,"url":"https:\/\/www.lebateaujaune.com\/wp-content\/uploads\/2026\/01\/WhatsApp-Image-2026-01-06-at-12.07.25-1-scaled.jpeg","type":"image\/jpeg"}],"twitter_card":"summary_large_image","schema":{"@context":"https:\/\/schema.org","@graph":[{"@type":"WebPage","@id":"https:\/\/www.lebateaujaune.com\/contact\/","url":"https:\/\/www.lebateaujaune.com\/contact\/","name":"Contacts - Le Bateau Jaune","isPartOf":{"@id":"https:\/\/www.lebateaujaune.com\/#website"},"primaryImageOfPage":{"@id":"https:\/\/www.lebateaujaune.com\/contact\/#primaryimage"},"image":{"@id":"https:\/\/www.lebateaujaune.com\/contact\/#primaryimage"},"thumbnailUrl":"https:\/\/www.lebateaujaune.com\/wp-content\/uploads\/2026\/01\/WhatsApp-Image-2026-01-06-at-12.07.25-1-scaled.jpeg","datePublished":"2021-11-25T09:38:23+00:00","dateModified":"2026-04-21T14:28:31+00:00","description":"Particuliers, associations, une plong\u00e9e, un projet aquatique, prenez le contact de notre club de plong\u00e9e \u00e0 Marseille.","breadcrumb":{"@id":"https:\/\/www.lebateaujaune.com\/contact\/#breadcrumb"},"inLanguage":"en-GB","potentialAction":[{"@type":"ReadAction","target":["https:\/\/www.lebateaujaune.com\/contact\/"]}]},{"@type":"ImageObject","inLanguage":"en-GB","@id":"https:\/\/www.lebateaujaune.com\/contact\/#primaryimage","url":"https:\/\/www.lebateaujaune.com\/wp-content\/uploads\/2026\/01\/WhatsApp-Image-2026-01-06-at-12.07.25-1-scaled.jpeg","contentUrl":"https:\/\/www.lebateaujaune.com\/wp-content\/uploads\/2026\/01\/WhatsApp-Image-2026-01-06-at-12.07.25-1-scaled.jpeg","width":1920,"height":2560},{"@type":"BreadcrumbList","@id":"https:\/\/www.lebateaujaune.com\/contact\/#breadcrumb","itemListElement":[{"@type":"ListItem","position":1,"name":"Accueil","item":"https:\/\/www.lebateaujaune.com\/"},{"@type":"ListItem","position":2,"name":"Contacts"}]},{"@type":"WebSite","@id":"https:\/\/www.lebateaujaune.com\/#website","url":"https:\/\/www.lebateaujaune.com\/","name":"The Bateau Jaune","description":"Diving club in Marseille","publisher":{"@id":"https:\/\/www.lebateaujaune.com\/#organization"},"potentialAction":[{"@type":"SearchAction","target":{"@type":"EntryPoint","urlTemplate":"https:\/\/www.lebateaujaune.com\/?s={search_term_string}"},"query-input":{"@type":"PropertyValueSpecification","valueRequired":true,"valueName":"search_term_string"}}],"inLanguage":"en-GB"},{"@type":"Organization","@id":"https:\/\/www.lebateaujaune.com\/#organization","name":"The Bateau Jaune","url":"https:\/\/www.lebateaujaune.com\/","logo":{"@type":"ImageObject","inLanguage":"en-GB","@id":"https:\/\/www.lebateaujaune.com\/#\/schema\/logo\/image\/","url":"https:\/\/www.lebateaujaune.com\/wp-content\/uploads\/2025\/03\/LBJ-Logo-officiel-theme-e1673274356386-1-1.png","contentUrl":"https:\/\/www.lebateaujaune.com\/wp-content\/uploads\/2025\/03\/LBJ-Logo-officiel-theme-e1673274356386-1-1.png","width":258,"height":79,"caption":"Le Bateau Jaune"},"image":{"@id":"https:\/\/www.lebateaujaune.com\/#\/schema\/logo\/image\/"},"sameAs":["https:\/\/www.facebook.com\/lebateaujaunemarseille\/","https:\/\/www.instagram.com\/lbj_plongee_marseille\/"]}]}},"_links":{"self":[{"href":"https:\/\/www.lebateaujaune.com\/en\/wp-json\/wp\/v2\/pages\/420","targetHints":{"allow":["GET"]}}],"collection":[{"href":"https:\/\/www.lebateaujaune.com\/en\/wp-json\/wp\/v2\/pages"}],"about":[{"href":"https:\/\/www.lebateaujaune.com\/en\/wp-json\/wp\/v2\/types\/page"}],"author":[{"embeddable":true,"href":"https:\/\/www.lebateaujaune.com\/en\/wp-json\/wp\/v2\/users\/2"}],"replies":[{"embeddable":true,"href":"https:\/\/www.lebateaujaune.com\/en\/wp-json\/wp\/v2\/comments?post=420"}],"version-history":[{"count":9,"href":"https:\/\/www.lebateaujaune.com\/en\/wp-json\/wp\/v2\/pages\/420\/revisions"}],"predecessor-version":[{"id":10180,"href":"https:\/\/www.lebateaujaune.com\/en\/wp-json\/wp\/v2\/pages\/420\/revisions\/10180"}],"wp:featuredmedia":[{"embeddable":true,"href":"https:\/\/www.lebateaujaune.com\/en\/wp-json\/wp\/v2\/media\/8644"}],"wp:attachment":[{"href":"https:\/\/www.lebateaujaune.com\/en\/wp-json\/wp\/v2\/media?parent=420"}],"curies":[{"name":"wp","href":"https:\/\/api.w.org\/{rel}","templated":true}]}}