{"id":409,"date":"2021-11-23T13:00:12","date_gmt":"2021-11-23T13:00:12","guid":{"rendered":"https:\/\/www.lebateaujaune.com\/front_page\/"},"modified":"2026-04-15T10:28:34","modified_gmt":"2026-04-15T08:28:34","slug":"page-dacceuil","status":"publish","type":"page","link":"https:\/\/www.lebateaujaune.com\/en\/","title":{"rendered":"Home page"},"content":{"rendered":"","protected":false},"excerpt":{"rendered":"","protected":false},"author":2,"featured_media":7734,"parent":0,"menu_order":0,"comment_status":"closed","ping_status":"closed","template":"","meta":{"saved_in_kubio":true,"site-sidebar-layout":"default","site-content-layout":"","ast-site-content-layout":"default","site-content-style":"default","site-sidebar-style":"default","ast-global-header-display":"","ast-banner-title-visibility":"","ast-main-header-display":"","ast-hfb-above-header-display":"","ast-hfb-below-header-display":"","ast-hfb-mobile-header-display":"","site-post-title":"","ast-breadcrumbs-content":"","ast-featured-img":"","footer-sml-layout":"","ast-disable-related-posts":"","theme-transparent-header-meta":"default","adv-header-id-meta":"","stick-header-meta":"","header-above-stick-meta":"","header-main-stick-meta":"","header-below-stick-meta":"","astra-migrate-meta-layouts":"set","ast-page-background-enabled":"default","ast-page-background-meta":{"desktop":{"background-color":"var(--ast-global-color-5)","background-image":"","background-repeat":"repeat","background-position":"center center","background-size":"auto","background-attachment":"scroll","background-type":"","background-media":"","overlay-type":"","overlay-color":"","overlay-opacity":"","overlay-gradient":""},"tablet":{"background-color":"","background-image":"","background-repeat":"repeat","background-position":"center center","background-size":"auto","background-attachment":"scroll","background-type":"","background-media":"","overlay-type":"","overlay-color":"","overlay-opacity":"","overlay-gradient":""},"mobile":{"background-color":"","background-image":"","background-repeat":"repeat","background-position":"center center","background-size":"auto","background-attachment":"scroll","background-type":"","background-media":"","overlay-type":"","overlay-color":"","overlay-opacity":"","overlay-gradient":""}},"ast-content-background-meta":{"desktop":{"background-color":"var(--ast-global-color-4)","background-image":"","background-repeat":"repeat","background-position":"center center","background-size":"auto","background-attachment":"scroll","background-type":"","background-media":"","overlay-type":"","overlay-color":"","overlay-opacity":"","overlay-gradient":""},"tablet":{"background-color":"var(--ast-global-color-4)","background-image":"","background-repeat":"repeat","background-position":"center center","background-size":"auto","background-attachment":"scroll","background-type":"","background-media":"","overlay-type":"","overlay-color":"","overlay-opacity":"","overlay-gradient":""},"mobile":{"background-color":"var(--ast-global-color-4)","background-image":"","background-repeat":"repeat","background-position":"center center","background-size":"auto","background-attachment":"scroll","background-type":"","background-media":"","overlay-type":"","overlay-color":"","overlay-opacity":"","overlay-gradient":""}},"footnotes":""},"class_list":["post-409","page","type-page","status-publish","has-post-thumbnail","hentry"],"kubio_ai_page_context":{"short_desc":"","purpose":"general"},"yoast_head":"<!-- This site is optimized with the Yoast SEO plugin v27.5 - https:\/\/yoast.com\/product\/yoast-seo-wordpress\/ -->\n<title>Club de plong\u00e9e \u00e0 Marseille - Le Bateau Jaune<\/title>\n<meta name=\"description\" content=\"Centre de plong\u00e9e \u00e0 Marseille depuis 2000. Plong\u00e9e, snorkeling, bapt\u00eames au d\u00e9part du Vieux-Port, dans les Calanques et les \u00eeles du Frioul.\" \/>\n<meta name=\"robots\" content=\"index, follow, max-snippet:-1, max-image-preview:large, max-video-preview:-1\" \/>\n<link rel=\"canonical\" href=\"https:\/\/www.lebateaujaune.com\/en\/\" \/>\n<meta property=\"og:locale\" content=\"en_GB\" \/>\n<meta property=\"og:type\" content=\"article\" \/>\n<meta property=\"og:title\" content=\"Club de plong\u00e9e \u00e0 Marseille - Le Bateau Jaune\" \/>\n<meta property=\"og:description\" content=\"Centre de plong\u00e9e \u00e0 Marseille depuis 2000. Plong\u00e9e, snorkeling, bapt\u00eames au d\u00e9part du Vieux-Port, dans les Calanques et les \u00eeles du Frioul.\" \/>\n<meta property=\"og:url\" content=\"https:\/\/www.lebateaujaune.com\/en\/\" \/>\n<meta property=\"og:site_name\" content=\"Le Bateau Jaune\" \/>\n<meta property=\"article:publisher\" content=\"https:\/\/www.facebook.com\/lebateaujaunemarseille\/\" \/>\n<meta property=\"article:modified_time\" content=\"2026-04-15T08:28:34+00:00\" \/>\n<meta property=\"og:image\" content=\"https:\/\/www.lebateaujaune.com\/wp-content\/uploads\/2025\/06\/Nouveau-projet-1-4-1-e1750318009493.webp\" \/>\n\t<meta property=\"og:image:width\" content=\"1730\" \/>\n\t<meta property=\"og:image:height\" content=\"1428\" \/>\n\t<meta property=\"og:image:type\" content=\"image\/webp\" \/>\n<meta name=\"twitter:card\" content=\"summary_large_image\" \/>\n<meta name=\"twitter:label1\" content=\"Estimated reading time\" \/>\n\t<meta name=\"twitter:data1\" content=\"1 minute\" \/>\n<script type=\"application\/ld+json\" class=\"yoast-schema-graph\">{\"@context\":\"https:\\\/\\\/schema.org\",\"@graph\":[{\"@type\":\"WebPage\",\"@id\":\"https:\\\/\\\/www.lebateaujaune.com\\\/\",\"url\":\"https:\\\/\\\/www.lebateaujaune.com\",\"name\":\"Club de plong\u00e9e \u00e0 Marseille - Le Bateau Jaune\",\"isPartOf\":{\"@id\":\"https:\\\/\\\/www.lebateaujaune.com\\\/#website\"},\"primaryImageOfPage\":{\"@id\":\"https:\\\/\\\/www.lebateaujaune.com#primaryimage\"},\"image\":{\"@id\":\"https:\\\/\\\/www.lebateaujaune.com#primaryimage\"},\"thumbnailUrl\":\"https:\\\/\\\/www.lebateaujaune.com\\\/wp-content\\\/uploads\\\/2025\\\/06\\\/Nouveau-projet-1-4-1-e1750318009493.webp\",\"datePublished\":\"2021-11-23T13:00:12+00:00\",\"dateModified\":\"2026-04-15T08:28:34+00:00\",\"description\":\"Centre de plong\u00e9e \u00e0 Marseille depuis 2000. Plong\u00e9e, snorkeling, bapt\u00eames au d\u00e9part du Vieux-Port, dans les Calanques et les \u00eeles du Frioul.\",\"breadcrumb\":{\"@id\":\"https:\\\/\\\/www.lebateaujaune.com#breadcrumb\"},\"inLanguage\":\"en-GB\",\"potentialAction\":[{\"@type\":\"ReadAction\",\"target\":[\"https:\\\/\\\/www.lebateaujaune.com\"]}]},{\"@type\":\"ImageObject\",\"inLanguage\":\"en-GB\",\"@id\":\"https:\\\/\\\/www.lebateaujaune.com#primaryimage\",\"url\":\"https:\\\/\\\/www.lebateaujaune.com\\\/wp-content\\\/uploads\\\/2025\\\/06\\\/Nouveau-projet-1-4-1-e1750318009493.webp\",\"contentUrl\":\"https:\\\/\\\/www.lebateaujaune.com\\\/wp-content\\\/uploads\\\/2025\\\/06\\\/Nouveau-projet-1-4-1-e1750318009493.webp\",\"width\":1730,\"height\":1428,\"caption\":\"\u00b2\"},{\"@type\":\"BreadcrumbList\",\"@id\":\"https:\\\/\\\/www.lebateaujaune.com#breadcrumb\",\"itemListElement\":[{\"@type\":\"ListItem\",\"position\":1,\"name\":\"Accueil\",\"item\":\"https:\\\/\\\/www.lebateaujaune.com\\\/\"},{\"@type\":\"ListItem\",\"position\":2,\"name\":\"Page d&rsquo;acceuil\"}]},{\"@type\":\"WebSite\",\"@id\":\"https:\\\/\\\/www.lebateaujaune.com\\\/#website\",\"url\":\"https:\\\/\\\/www.lebateaujaune.com\\\/\",\"name\":\"Le Bateau Jaune\",\"description\":\"Club de plong\u00e9e \u00e0 Marseille\",\"publisher\":{\"@id\":\"https:\\\/\\\/www.lebateaujaune.com\\\/#organization\"},\"potentialAction\":[{\"@type\":\"SearchAction\",\"target\":{\"@type\":\"EntryPoint\",\"urlTemplate\":\"https:\\\/\\\/www.lebateaujaune.com\\\/?s={search_term_string}\"},\"query-input\":{\"@type\":\"PropertyValueSpecification\",\"valueRequired\":true,\"valueName\":\"search_term_string\"}}],\"inLanguage\":\"en-GB\"},{\"@type\":\"Organization\",\"@id\":\"https:\\\/\\\/www.lebateaujaune.com\\\/#organization\",\"name\":\"Le Bateau Jaune\",\"url\":\"https:\\\/\\\/www.lebateaujaune.com\\\/\",\"logo\":{\"@type\":\"ImageObject\",\"inLanguage\":\"en-GB\",\"@id\":\"https:\\\/\\\/www.lebateaujaune.com\\\/#\\\/schema\\\/logo\\\/image\\\/\",\"url\":\"https:\\\/\\\/www.lebateaujaune.com\\\/wp-content\\\/uploads\\\/2025\\\/03\\\/LBJ-Logo-officiel-theme-e1673274356386-1-1.png\",\"contentUrl\":\"https:\\\/\\\/www.lebateaujaune.com\\\/wp-content\\\/uploads\\\/2025\\\/03\\\/LBJ-Logo-officiel-theme-e1673274356386-1-1.png\",\"width\":258,\"height\":79,\"caption\":\"Le Bateau Jaune\"},\"image\":{\"@id\":\"https:\\\/\\\/www.lebateaujaune.com\\\/#\\\/schema\\\/logo\\\/image\\\/\"},\"sameAs\":[\"https:\\\/\\\/www.facebook.com\\\/lebateaujaunemarseille\\\/\",\"https:\\\/\\\/www.instagram.com\\\/lbj_plongee_marseille\\\/\"]}]}<\/script>\n<!-- \/ Yoast SEO plugin. -->","yoast_head_json":{"title":"Diving club in Marseille - Le Bateau Jaune","description":"Diving center in Marseille since 2000. Diving, snorkeling, introductory dives departing from the Old Port, in the Calanques and the Frioul islands.","robots":{"index":"index","follow":"follow","max-snippet":"max-snippet:-1","max-image-preview":"max-image-preview:large","max-video-preview":"max-video-preview:-1"},"canonical":"https:\/\/www.lebateaujaune.com\/en\/","og_locale":"en_GB","og_type":"article","og_title":"Club de plong\u00e9e \u00e0 Marseille - Le Bateau Jaune","og_description":"Centre de plong\u00e9e \u00e0 Marseille depuis 2000. Plong\u00e9e, snorkeling, bapt\u00eames au d\u00e9part du Vieux-Port, dans les Calanques et les \u00eeles du Frioul.","og_url":"https:\/\/www.lebateaujaune.com\/en\/","og_site_name":"Le Bateau Jaune","article_publisher":"https:\/\/www.facebook.com\/lebateaujaunemarseille\/","article_modified_time":"2026-04-15T08:28:34+00:00","og_image":[{"width":1730,"height":1428,"url":"https:\/\/www.lebateaujaune.com\/wp-content\/uploads\/2025\/06\/Nouveau-projet-1-4-1-e1750318009493.webp","type":"image\/webp"}],"twitter_card":"summary_large_image","twitter_misc":{"Estimated reading time":"1 minute"},"schema":{"@context":"https:\/\/schema.org","@graph":[{"@type":"WebPage","@id":"https:\/\/www.lebateaujaune.com\/","url":"https:\/\/www.lebateaujaune.com","name":"Diving club in Marseille - Le Bateau Jaune","isPartOf":{"@id":"https:\/\/www.lebateaujaune.com\/#website"},"primaryImageOfPage":{"@id":"https:\/\/www.lebateaujaune.com#primaryimage"},"image":{"@id":"https:\/\/www.lebateaujaune.com#primaryimage"},"thumbnailUrl":"https:\/\/www.lebateaujaune.com\/wp-content\/uploads\/2025\/06\/Nouveau-projet-1-4-1-e1750318009493.webp","datePublished":"2021-11-23T13:00:12+00:00","dateModified":"2026-04-15T08:28:34+00:00","description":"Diving center in Marseille since 2000. Diving, snorkeling, introductory dives departing from the Old Port, in the Calanques and the Frioul islands.","breadcrumb":{"@id":"https:\/\/www.lebateaujaune.com#breadcrumb"},"inLanguage":"en-GB","potentialAction":[{"@type":"ReadAction","target":["https:\/\/www.lebateaujaune.com"]}]},{"@type":"ImageObject","inLanguage":"en-GB","@id":"https:\/\/www.lebateaujaune.com#primaryimage","url":"https:\/\/www.lebateaujaune.com\/wp-content\/uploads\/2025\/06\/Nouveau-projet-1-4-1-e1750318009493.webp","contentUrl":"https:\/\/www.lebateaujaune.com\/wp-content\/uploads\/2025\/06\/Nouveau-projet-1-4-1-e1750318009493.webp","width":1730,"height":1428,"caption":"\u00b2"},{"@type":"BreadcrumbList","@id":"https:\/\/www.lebateaujaune.com#breadcrumb","itemListElement":[{"@type":"ListItem","position":1,"name":"Accueil","item":"https:\/\/www.lebateaujaune.com\/"},{"@type":"ListItem","position":2,"name":"Page d&rsquo;acceuil"}]},{"@type":"WebSite","@id":"https:\/\/www.lebateaujaune.com\/#website","url":"https:\/\/www.lebateaujaune.com\/","name":"The Bateau Jaune","description":"Diving club in Marseille","publisher":{"@id":"https:\/\/www.lebateaujaune.com\/#organization"},"potentialAction":[{"@type":"SearchAction","target":{"@type":"EntryPoint","urlTemplate":"https:\/\/www.lebateaujaune.com\/?s={search_term_string}"},"query-input":{"@type":"PropertyValueSpecification","valueRequired":true,"valueName":"search_term_string"}}],"inLanguage":"en-GB"},{"@type":"Organization","@id":"https:\/\/www.lebateaujaune.com\/#organization","name":"The Bateau Jaune","url":"https:\/\/www.lebateaujaune.com\/","logo":{"@type":"ImageObject","inLanguage":"en-GB","@id":"https:\/\/www.lebateaujaune.com\/#\/schema\/logo\/image\/","url":"https:\/\/www.lebateaujaune.com\/wp-content\/uploads\/2025\/03\/LBJ-Logo-officiel-theme-e1673274356386-1-1.png","contentUrl":"https:\/\/www.lebateaujaune.com\/wp-content\/uploads\/2025\/03\/LBJ-Logo-officiel-theme-e1673274356386-1-1.png","width":258,"height":79,"caption":"Le Bateau Jaune"},"image":{"@id":"https:\/\/www.lebateaujaune.com\/#\/schema\/logo\/image\/"},"sameAs":["https:\/\/www.facebook.com\/lebateaujaunemarseille\/","https:\/\/www.instagram.com\/lbj_plongee_marseille\/"]}]}},"_links":{"self":[{"href":"https:\/\/www.lebateaujaune.com\/en\/wp-json\/wp\/v2\/pages\/409","targetHints":{"allow":["GET"]}}],"collection":[{"href":"https:\/\/www.lebateaujaune.com\/en\/wp-json\/wp\/v2\/pages"}],"about":[{"href":"https:\/\/www.lebateaujaune.com\/en\/wp-json\/wp\/v2\/types\/page"}],"author":[{"embeddable":true,"href":"https:\/\/www.lebateaujaune.com\/en\/wp-json\/wp\/v2\/users\/2"}],"replies":[{"embeddable":true,"href":"https:\/\/www.lebateaujaune.com\/en\/wp-json\/wp\/v2\/comments?post=409"}],"version-history":[{"count":120,"href":"https:\/\/www.lebateaujaune.com\/en\/wp-json\/wp\/v2\/pages\/409\/revisions"}],"predecessor-version":[{"id":9470,"href":"https:\/\/www.lebateaujaune.com\/en\/wp-json\/wp\/v2\/pages\/409\/revisions\/9470"}],"wp:featuredmedia":[{"embeddable":true,"href":"https:\/\/www.lebateaujaune.com\/en\/wp-json\/wp\/v2\/media\/7734"}],"wp:attachment":[{"href":"https:\/\/www.lebateaujaune.com\/en\/wp-json\/wp\/v2\/media?parent=409"}],"curies":[{"name":"wp","href":"https:\/\/api.w.org\/{rel}","templated":true}]}}